{"id":5027,"date":"2016-12-25T23:11:43","date_gmt":"2016-12-25T20:11:43","guid":{"rendered":"http:\/\/www.overcom-tr.com\/?page_id=5027"},"modified":"2016-12-25T23:11:43","modified_gmt":"2016-12-25T20:11:43","slug":"dokumanlar","status":"publish","type":"page","link":"http:\/\/www.metsangroup.com\/?page_id=5027","title":{"rendered":"D\u00f6k\u00fcmanlar"},"content":{"rendered":"<div id='layer_slider_1'  class='avia-layerslider main_color avia-shadow  avia-builder-el-0  el_before_av_heading  avia-builder-el-first  container_wrap sidebar_right' style='  height: 151px;' ><\/div><div id='after_layer_slider_1'  class='main_color av_default_container_wrap container_wrap sidebar_right' style=' '  ><div class='container' ><div class='template-page content  av-content-small alpha units'><div class='post-entry post-entry-type-page post-entry-5027'><div class='entry-content-wrapper clearfix'>\n<div  style='padding-bottom:10px; ' class='av-special-heading av-special-heading-h5    avia-builder-el-1  el_after_av_layerslider  el_before_av_two_fifth  avia-builder-el-first  '><h5 class='av-special-heading-tag '  itemprop=\"headline\"  >Konu Ba\u015fl\u0131klar\u0131<\/h5><div class='special-heading-border'><div class='special-heading-inner-border' ><\/div><\/div><\/div>\n<div class=\"flex_column av_two_fifth  flex_column_div av-zero-column-padding first  avia-builder-el-2  el_after_av_heading  el_before_av_three_fifth  \" style='border-radius:0px; '><\/div>\n<div class=\"flex_column av_three_fifth  av-animated-generic bottom-to-top  flex_column_div av-zero-column-padding   avia-builder-el-4  el_after_av_two_fifth  el_before_av_hr  \" style='border-radius:0px; '><p><br \/>\n<section class=\"av_textblock_section \"  itemscope=\"itemscope\" itemtype=\"https:\/\/schema.org\/CreativeWork\" ><div class='avia_textblock  '   itemprop=\"text\" ><p style=\"text-align: justify;\">\u00c7e\u015fitli konularda bilgi ve payla\u015f\u0131mlar\u0131 burada sergileyerek, konusunda bilgi sahibi olmak isteyen herkes i\u00e7in bilgilendirme merkezi olmas\u0131n\u0131 temenni ettik&#8230; Zamanla b\u00fcy\u00fck geni\u015fleyecek olan bilgi k\u00fct\u00fcphanesine abone olabilir, payla\u015fabilir ya da \u00e7\u0131kt\u0131 alabilirsiniz.<\/p>\n<\/div><\/section><\/p><\/div><div   class='hr hr-default   avia-builder-el-7  el_after_av_three_fifth  el_before_av_mailchimp '><span class='hr-inner ' ><span class='hr-inner-style'><\/span><\/span><\/div><\/p>\n\n","protected":false},"excerpt":{"rendered":"","protected":false},"author":1,"featured_media":0,"parent":3537,"menu_order":1,"comment_status":"closed","ping_status":"closed","template":"","meta":{"footnotes":""},"class_list":["post-5027","page","type-page","status-publish","hentry"],"_links":{"self":[{"href":"http:\/\/www.metsangroup.com\/index.php?rest_route=\/wp\/v2\/pages\/5027","targetHints":{"allow":["GET"]}}],"collection":[{"href":"http:\/\/www.metsangroup.com\/index.php?rest_route=\/wp\/v2\/pages"}],"about":[{"href":"http:\/\/www.metsangroup.com\/index.php?rest_route=\/wp\/v2\/types\/page"}],"author":[{"embeddable":true,"href":"http:\/\/www.metsangroup.com\/index.php?rest_route=\/wp\/v2\/users\/1"}],"replies":[{"embeddable":true,"href":"http:\/\/www.metsangroup.com\/index.php?rest_route=%2Fwp%2Fv2%2Fcomments&post=5027"}],"version-history":[{"count":0,"href":"http:\/\/www.metsangroup.com\/index.php?rest_route=\/wp\/v2\/pages\/5027\/revisions"}],"up":[{"embeddable":true,"href":"http:\/\/www.metsangroup.com\/index.php?rest_route=\/wp\/v2\/pages\/3537"}],"wp:attachment":[{"href":"http:\/\/www.metsangroup.com\/index.php?rest_route=%2Fwp%2Fv2%2Fmedia&parent=5027"}],"curies":[{"name":"wp","href":"https:\/\/api.w.org\/{rel}","templated":true}]}}