{"id":3779,"date":"2015-11-29T20:06:24","date_gmt":"2015-11-29T18:06:24","guid":{"rendered":"http:\/\/www.overcom-tr.com\/?page_id=3779"},"modified":"2021-06-11T14:19:08","modified_gmt":"2021-06-11T11:19:08","slug":"sektorler","status":"publish","type":"page","link":"http:\/\/www.metsangroup.com\/?page_id=3779","title":{"rendered":"Uygulama Sekt\u00f6rleri"},"content":{"rendered":"<div id='layer_slider_1'  class='avia-layerslider main_color avia-shadow  avia-builder-el-0  el_before_av_section  avia-builder-el-first  container_wrap sidebar_right' style='  height: 151px;' ><\/div>\n<div id='av_section_1'  class='avia-section main_color avia-section-large avia-no-border-styling  avia-bg-style-scroll  avia-builder-el-1  el_after_av_layerslider  avia-builder-el-last   container_wrap sidebar_right' style=' '  ><div class='container' ><div class='template-page content  av-content-small alpha units'><div class='post-entry post-entry-type-page post-entry-3779'><div class='entry-content-wrapper clearfix'>\n<div class=\"flex_column av_one_fourth  av-animated-generic bottom-to-top  flex_column_div av-zero-column-padding first  avia-builder-el-2  el_before_av_one_fourth  avia-builder-el-first  \" style='border-radius:0px; '><p><div  class='avia-image-container  av-styling-no-styling    avia-builder-el-3  el_before_av_heading  avia-builder-el-first  avia-align-center '  itemprop=\"image\" itemscope=\"itemscope\" itemtype=\"https:\/\/schema.org\/ImageObject\"  ><div class='avia-image-container-inner'><div class='avia-image-overlay-wrap'><img decoding=\"async\" class='wp-image-5582 avia-img-lazy-loading-not-5582 avia_image' src=\"http:\/\/www.metsangroup.com\/wp-content\/uploads\/2021\/06\/2014-05-Life-of-Pix-free-stock-photo-industrial-fabric-300x200.jpg\" alt='' title='2014-05-Life-of-Pix-free-stock-photo-industrial-fabric' height=\"200\" width=\"300\"  itemprop=\"thumbnailUrl\" srcset=\"http:\/\/www.metsangroup.com\/wp-content\/uploads\/2021\/06\/2014-05-Life-of-Pix-free-stock-photo-industrial-fabric-300x200.jpg 300w, http:\/\/www.metsangroup.com\/wp-content\/uploads\/2021\/06\/2014-05-Life-of-Pix-free-stock-photo-industrial-fabric-1030x687.jpg 1030w, http:\/\/www.metsangroup.com\/wp-content\/uploads\/2021\/06\/2014-05-Life-of-Pix-free-stock-photo-industrial-fabric-768x512.jpg 768w, http:\/\/www.metsangroup.com\/wp-content\/uploads\/2021\/06\/2014-05-Life-of-Pix-free-stock-photo-industrial-fabric-1536x1024.jpg 1536w, http:\/\/www.metsangroup.com\/wp-content\/uploads\/2021\/06\/2014-05-Life-of-Pix-free-stock-photo-industrial-fabric-2048x1365.jpg 2048w, http:\/\/www.metsangroup.com\/wp-content\/uploads\/2021\/06\/2014-05-Life-of-Pix-free-stock-photo-industrial-fabric-1500x1000.jpg 1500w, http:\/\/www.metsangroup.com\/wp-content\/uploads\/2021\/06\/2014-05-Life-of-Pix-free-stock-photo-industrial-fabric-705x470.jpg 705w\" sizes=\"(max-width: 300px) 100vw, 300px\" \/><\/div><\/div><\/div><br \/>\n<div  style='padding-bottom:10px; ' class='av-special-heading av-special-heading-h5  blockquote modern-quote  avia-builder-el-4  el_after_av_image  el_before_av_textblock  '><h5 class='av-special-heading-tag '  itemprop=\"headline\"  >G\u00fc\u00e7 \u0130stasyonlar\u0131<\/h5><div class='special-heading-border'><div class='special-heading-inner-border' ><\/div><\/div><\/div><br \/>\n<section class=\"av_textblock_section \"  itemscope=\"itemscope\" itemtype=\"https:\/\/schema.org\/CreativeWork\" ><div class='avia_textblock  '   itemprop=\"text\" ><p style=\"text-align: justify;\">Ekonomik b\u00fcy\u00fcme enerji kaynaklar\u0131n\u0131n yeterlili\u011finden etkilenir. Konvansiyonel enerjiden yenilenebilir enerjiye, yeni ve daha verimli enerji kaynaklar\u0131n\u0131n h\u0131zl\u0131 geli\u015fimi devam etmektedir.<\/p>\n<\/div><\/section><\/p><\/div><div class=\"flex_column av_one_fourth  av-animated-generic bottom-to-top  flex_column_div av-zero-column-padding   avia-builder-el-6  el_after_av_one_fourth  el_before_av_one_fourth  \" style='border-radius:0px; '><p><div  class='avia-image-container  av-styling-no-styling    avia-builder-el-7  el_before_av_heading  avia-builder-el-first  avia-align-center '  itemprop=\"image\" itemscope=\"itemscope\" itemtype=\"https:\/\/schema.org\/ImageObject\"  ><div class='avia-image-container-inner'><div class='avia-image-overlay-wrap'><img decoding=\"async\" class='wp-image-307 avia-img-lazy-loading-not-307 avia_image' src=\"http:\/\/www.metsangroup.com\/wp-content\/uploads\/layerslider\/Overcom-Ana-Sayfa\/gr-ar2009-img-7206-300x200.jpg\" alt='' title='gr-ar2009-img-7206' height=\"200\" width=\"300\"  itemprop=\"thumbnailUrl\" srcset=\"http:\/\/www.metsangroup.com\/wp-content\/uploads\/layerslider\/Overcom-Ana-Sayfa\/gr-ar2009-img-7206-300x200.jpg 300w, http:\/\/www.metsangroup.com\/wp-content\/uploads\/layerslider\/Overcom-Ana-Sayfa\/gr-ar2009-img-7206-1030x687.jpg 1030w, http:\/\/www.metsangroup.com\/wp-content\/uploads\/layerslider\/Overcom-Ana-Sayfa\/gr-ar2009-img-7206-768x512.jpg 768w, http:\/\/www.metsangroup.com\/wp-content\/uploads\/layerslider\/Overcom-Ana-Sayfa\/gr-ar2009-img-7206-705x470.jpg 705w, http:\/\/www.metsangroup.com\/wp-content\/uploads\/layerslider\/Overcom-Ana-Sayfa\/gr-ar2009-img-7206.jpg 1500w\" sizes=\"(max-width: 300px) 100vw, 300px\" \/><\/div><\/div><\/div><br \/>\n<div  style='padding-bottom:10px; ' class='av-special-heading av-special-heading-h5  blockquote modern-quote  avia-builder-el-8  el_after_av_image  el_before_av_textblock  '><h5 class='av-special-heading-tag '  itemprop=\"headline\"  >Ya\u011f <span class='special_amp'>&amp;<\/span> Gaz \u0130stasyonlar\u0131<\/h5><div class='special-heading-border'><div class='special-heading-inner-border' ><\/div><\/div><\/div><br \/>\n<section class=\"av_textblock_section \"  itemscope=\"itemscope\" itemtype=\"https:\/\/schema.org\/CreativeWork\" ><div class='avia_textblock  '   itemprop=\"text\" ><p style=\"text-align: justify;\">H\u0131zla b\u00fcy\u00fcyen gaz ve ya\u011f istasyonlar\u0131 i\u00e7in depolama tanklar\u0131, ge\u00e7i\u015f hatlar\u0131 ve borulama sistemlerinin temin edilmesi \u00fcretiminden ve montaj\u0131n\u0131n yap\u0131lmas\u0131na kadarki s\u00fcre\u00e7lerde yan\u0131n\u0131zday\u0131z.<\/p>\n<\/div><\/section><\/p><\/div><div class=\"flex_column av_one_fourth  av-animated-generic bottom-to-top  flex_column_div av-zero-column-padding   avia-builder-el-10  el_after_av_one_fourth  el_before_av_one_fourth  \" style='border-radius:0px; '><p><div  class='avia-image-container  av-styling-no-styling    avia-builder-el-11  el_before_av_heading  avia-builder-el-first  avia-align-center '  itemprop=\"image\" itemscope=\"itemscope\" itemtype=\"https:\/\/schema.org\/ImageObject\"  ><div class='avia-image-container-inner'><div class='avia-image-overlay-wrap'><img decoding=\"async\" class='wp-image-5583 avia-img-lazy-loading-not-5583 avia_image' src=\"http:\/\/www.metsangroup.com\/wp-content\/uploads\/2021\/06\/absolutely_free_photos-original_photos-the-industrial-picture-4716x3304_77570-300x210.jpg\" alt='' title='-absolutely_free_photos-original_photos-the-industrial-picture-4716x3304_77570' height=\"210\" width=\"300\"  itemprop=\"thumbnailUrl\" srcset=\"http:\/\/www.metsangroup.com\/wp-content\/uploads\/2021\/06\/absolutely_free_photos-original_photos-the-industrial-picture-4716x3304_77570-300x210.jpg 300w, http:\/\/www.metsangroup.com\/wp-content\/uploads\/2021\/06\/absolutely_free_photos-original_photos-the-industrial-picture-4716x3304_77570-1030x722.jpg 1030w, http:\/\/www.metsangroup.com\/wp-content\/uploads\/2021\/06\/absolutely_free_photos-original_photos-the-industrial-picture-4716x3304_77570-768x538.jpg 768w, http:\/\/www.metsangroup.com\/wp-content\/uploads\/2021\/06\/absolutely_free_photos-original_photos-the-industrial-picture-4716x3304_77570-1536x1076.jpg 1536w, http:\/\/www.metsangroup.com\/wp-content\/uploads\/2021\/06\/absolutely_free_photos-original_photos-the-industrial-picture-4716x3304_77570-2048x1435.jpg 2048w, http:\/\/www.metsangroup.com\/wp-content\/uploads\/2021\/06\/absolutely_free_photos-original_photos-the-industrial-picture-4716x3304_77570-1500x1051.jpg 1500w, http:\/\/www.metsangroup.com\/wp-content\/uploads\/2021\/06\/absolutely_free_photos-original_photos-the-industrial-picture-4716x3304_77570-705x494.jpg 705w\" sizes=\"(max-width: 300px) 100vw, 300px\" \/><\/div><\/div><\/div><br \/>\n<div  style='padding-bottom:10px; ' class='av-special-heading av-special-heading-h5  blockquote modern-quote  avia-builder-el-12  el_after_av_image  el_before_av_textblock  '><h5 class='av-special-heading-tag '  itemprop=\"headline\"  >Kimyasal Tesisleri<\/h5><div class='special-heading-border'><div class='special-heading-inner-border' ><\/div><\/div><\/div><br \/>\n<section class=\"av_textblock_section \"  itemscope=\"itemscope\" itemtype=\"https:\/\/schema.org\/CreativeWork\" ><div class='avia_textblock  '   itemprop=\"text\" ><p style=\"text-align: justify;\">Petrokimya sekt\u00f6r\u00fc i\u00e7in verimlili\u011fi optimize etmek, g\u00fcvenli\u011fi en \u00fcst d\u00fczeye \u00e7\u0131karmak ve riskleri minimize etmek \u00e7ok \u00f6nemlidir. Bu a\u015famada gerekli fizibilitelerin \u00e7\u0131kar\u0131larak etkin bir s\u00fcre\u00e7 y\u00f6netimi bizim i\u015fimiz&#8230;<\/p>\n<\/div><\/section><\/p><\/div><div class=\"flex_column av_one_fourth  av-animated-generic bottom-to-top  flex_column_div av-zero-column-padding   avia-builder-el-14  el_after_av_one_fourth  el_before_av_hr  \" style='border-radius:0px; '><p><div  class='avia-image-container  av-styling-no-styling    avia-builder-el-15  el_before_av_heading  avia-builder-el-first  avia-align-center '  itemprop=\"image\" itemscope=\"itemscope\" itemtype=\"https:\/\/schema.org\/ImageObject\"  ><div class='avia-image-container-inner'><div class='avia-image-overlay-wrap'><img decoding=\"async\" class='wp-image-5585 avia-img-lazy-loading-not-5585 avia_image' src=\"http:\/\/www.metsangroup.com\/wp-content\/uploads\/2021\/06\/oto-300x168.jpg\" alt='' title='oto' height=\"168\" width=\"300\"  itemprop=\"thumbnailUrl\" srcset=\"http:\/\/www.metsangroup.com\/wp-content\/uploads\/2021\/06\/oto-300x168.jpg 300w, http:\/\/www.metsangroup.com\/wp-content\/uploads\/2021\/06\/oto-768x431.jpg 768w, http:\/\/www.metsangroup.com\/wp-content\/uploads\/2021\/06\/oto-705x395.jpg 705w, http:\/\/www.metsangroup.com\/wp-content\/uploads\/2021\/06\/oto.jpg 788w\" sizes=\"(max-width: 300px) 100vw, 300px\" \/><\/div><\/div><\/div><br \/>\n<div  style='padding-bottom:10px; ' class='av-special-heading av-special-heading-h5  blockquote modern-quote  avia-builder-el-16  el_after_av_image  el_before_av_textblock  '><h5 class='av-special-heading-tag '  itemprop=\"headline\"  >Otomotiv Tesisleri<\/h5><div class='special-heading-border'><div class='special-heading-inner-border' ><\/div><\/div><\/div><br \/>\n<section class=\"av_textblock_section \"  itemscope=\"itemscope\" itemtype=\"https:\/\/schema.org\/CreativeWork\" ><div class='avia_textblock  '   itemprop=\"text\" ><p style=\"text-align: justify;\">Teknoloji ile birlikte \u00fcretim s\u00fcre\u00e7leri de geli\u015fiyor. Bu geli\u015fmelere ra\u011fmen; hangi teknolojide, hangi \u00fcretim s\u00fcrecinde olursa olsun; g\u00fcvenlik, otomotiv end\u00fcstrisinin de\u011fi\u015fmeyen en \u00f6nemli unsuru olmaya devam ediyor.<\/p>\n<\/div><\/section><\/p><\/div><div  style='height:50px' class='hr hr-invisible   avia-builder-el-18  el_after_av_one_fourth  el_before_av_one_fourth '><span class='hr-inner ' ><span class='hr-inner-style'><\/span><\/span><\/div>\n<div class=\"flex_column av_one_fourth  av-animated-generic bottom-to-top  flex_column_div av-zero-column-padding first  avia-builder-el-19  el_after_av_hr  el_before_av_one_fourth  \" style='border-radius:0px; '><p><div  class='avia-image-container  av-styling-no-styling    avia-builder-el-20  el_before_av_heading  avia-builder-el-first  avia-align-center '  itemprop=\"image\" itemscope=\"itemscope\" itemtype=\"https:\/\/schema.org\/ImageObject\"  ><div class='avia-image-container-inner'><div class='avia-image-overlay-wrap'><img decoding=\"async\" class='wp-image-364 avia-img-lazy-loading-not-364 avia_image' src=\"http:\/\/www.metsangroup.com\/wp-content\/uploads\/layerslider\/Muayene\/kaynak1-300x191.jpg\" alt='' title='kaynak1' height=\"191\" width=\"300\"  itemprop=\"thumbnailUrl\" srcset=\"http:\/\/www.metsangroup.com\/wp-content\/uploads\/layerslider\/Muayene\/kaynak1-300x191.jpg 300w, http:\/\/www.metsangroup.com\/wp-content\/uploads\/layerslider\/Muayene\/kaynak1-1030x655.jpg 1030w, http:\/\/www.metsangroup.com\/wp-content\/uploads\/layerslider\/Muayene\/kaynak1-768x488.jpg 768w, http:\/\/www.metsangroup.com\/wp-content\/uploads\/layerslider\/Muayene\/kaynak1-1536x976.jpg 1536w, http:\/\/www.metsangroup.com\/wp-content\/uploads\/layerslider\/Muayene\/kaynak1-1500x953.jpg 1500w, http:\/\/www.metsangroup.com\/wp-content\/uploads\/layerslider\/Muayene\/kaynak1-705x448.jpg 705w, http:\/\/www.metsangroup.com\/wp-content\/uploads\/layerslider\/Muayene\/kaynak1.jpg 1600w\" sizes=\"(max-width: 300px) 100vw, 300px\" \/><\/div><\/div><\/div><br \/>\n<div  style='padding-bottom:10px; ' class='av-special-heading av-special-heading-h5  blockquote modern-quote  avia-builder-el-21  el_after_av_image  el_before_av_textblock  '><h5 class='av-special-heading-tag '  itemprop=\"headline\"  >\u00c7elik \u0130\u015fleme Tesisleri<\/h5><div class='special-heading-border'><div class='special-heading-inner-border' ><\/div><\/div><\/div><br \/>\n<section class=\"av_textblock_section \"  itemscope=\"itemscope\" itemtype=\"https:\/\/schema.org\/CreativeWork\" ><div class='avia_textblock  '   itemprop=\"text\" ><p style=\"text-align: justify;\">\u00c7elik i\u015fleme ve d\u00f6k\u00fcm tesislerinde normlara uygun \u00fcretim, arge ve m\u00fc\u015fteri memnuniyetini esas alan bir yakla\u015f\u0131mla kurumsal yap\u0131n\u0131n olu\u015fturulmas\u0131, hem sanayi hem de pazara g\u00fc\u00e7 katacak faaliyetleri i\u00e7ermelidir.<\/p>\n<\/div><\/section><\/p><\/div><div class=\"flex_column av_one_fourth  av-animated-generic bottom-to-top  flex_column_div av-zero-column-padding   avia-builder-el-23  el_after_av_one_fourth  el_before_av_one_fourth  \" style='border-radius:0px; '><p><div  class='avia-image-container  av-styling-no-styling    avia-builder-el-24  el_before_av_heading  avia-builder-el-first  avia-align-center '  itemprop=\"image\" itemscope=\"itemscope\" itemtype=\"https:\/\/schema.org\/ImageObject\"  ><div class='avia-image-container-inner'><div class='avia-image-overlay-wrap'><img decoding=\"async\" class='wp-image-334 avia-img-lazy-loading-not-334 avia_image' src=\"http:\/\/www.metsangroup.com\/wp-content\/uploads\/layerslider\/Biten\/atik5-300x181.png\" alt='' title='atik5' height=\"181\" width=\"300\"  itemprop=\"thumbnailUrl\" srcset=\"http:\/\/www.metsangroup.com\/wp-content\/uploads\/layerslider\/Biten\/atik5-300x181.png 300w, http:\/\/www.metsangroup.com\/wp-content\/uploads\/layerslider\/Biten\/atik5-1030x621.png 1030w, http:\/\/www.metsangroup.com\/wp-content\/uploads\/layerslider\/Biten\/atik5-768x463.png 768w, http:\/\/www.metsangroup.com\/wp-content\/uploads\/layerslider\/Biten\/atik5-705x425.png 705w, http:\/\/www.metsangroup.com\/wp-content\/uploads\/layerslider\/Biten\/atik5.png 1143w\" sizes=\"(max-width: 300px) 100vw, 300px\" \/><\/div><\/div><\/div><br \/>\n<div  style='padding-bottom:10px; ' class='av-special-heading av-special-heading-h5  blockquote modern-quote  avia-builder-el-25  el_after_av_image  el_before_av_textblock  '><h5 class='av-special-heading-tag '  itemprop=\"headline\"  >At\u0131ksu Ar\u0131tma Tesisleri<\/h5><div class='special-heading-border'><div class='special-heading-inner-border' ><\/div><\/div><\/div><br \/>\n<section class=\"av_textblock_section \"  itemscope=\"itemscope\" itemtype=\"https:\/\/schema.org\/CreativeWork\" ><div class='avia_textblock  '   itemprop=\"text\" ><p style=\"text-align: justify;\">Suyun geri d\u00f6n\u00fc\u015f\u00fcm\u00fcn\u00fcn \u00e7ok \u00f6nemli oldu\u011fu g\u00fcn\u00fcm\u00fczde, at\u0131ks\u0131 ar\u0131tma sistemlerinin yap\u0131lmas\u0131, montaj\u0131 ve merkezi bir sistemle kontrol edilebilmesini sa\u011flamak gelecek nesillerin g\u00fcvenli\u011fini teminat\u0131 olacakt\u0131r.<\/p>\n<\/div><\/section><\/p><\/div><div class=\"flex_column av_one_fourth  av-animated-generic bottom-to-top  flex_column_div av-zero-column-padding   avia-builder-el-27  el_after_av_one_fourth  el_before_av_one_fourth  \" style='border-radius:0px; '><p><div  class='avia-image-container  av-styling-no-styling    avia-builder-el-28  el_before_av_heading  avia-builder-el-first  avia-align-center '  itemprop=\"image\" itemscope=\"itemscope\" itemtype=\"https:\/\/schema.org\/ImageObject\"  ><div class='avia-image-container-inner'><div class='avia-image-overlay-wrap'><img decoding=\"async\" class='wp-image-315 avia-img-lazy-loading-not-315 avia_image' src=\"http:\/\/www.metsangroup.com\/wp-content\/uploads\/layerslider\/Overcom-Ana-Sayfa\/tank4-300x112.jpg\" alt='' title='tank4' height=\"112\" width=\"300\"  itemprop=\"thumbnailUrl\" srcset=\"http:\/\/www.metsangroup.com\/wp-content\/uploads\/layerslider\/Overcom-Ana-Sayfa\/tank4-300x112.jpg 300w, http:\/\/www.metsangroup.com\/wp-content\/uploads\/layerslider\/Overcom-Ana-Sayfa\/tank4-768x286.jpg 768w, http:\/\/www.metsangroup.com\/wp-content\/uploads\/layerslider\/Overcom-Ana-Sayfa\/tank4-705x263.jpg 705w, http:\/\/www.metsangroup.com\/wp-content\/uploads\/layerslider\/Overcom-Ana-Sayfa\/tank4.jpg 940w\" sizes=\"(max-width: 300px) 100vw, 300px\" \/><\/div><\/div><\/div><br \/>\n<div  style='padding-bottom:10px; ' class='av-special-heading av-special-heading-h5  blockquote modern-quote  avia-builder-el-29  el_after_av_image  el_before_av_textblock  '><h5 class='av-special-heading-tag '  itemprop=\"headline\"  >Bas\u0131n\u00e7l\u0131 Ekipmanlar<\/h5><div class='special-heading-border'><div class='special-heading-inner-border' ><\/div><\/div><\/div><br \/>\n<section class=\"av_textblock_section \"  itemscope=\"itemscope\" itemtype=\"https:\/\/schema.org\/CreativeWork\" ><div class='avia_textblock  '   itemprop=\"text\" ><p style=\"text-align: justify;\">Hemen hemen her alanda kendini g\u00f6steren pn\u00f6matik ekipmanlar\u0131n, kompres\u00f6r ve bas\u0131n\u00e7l\u0131 tanklar\u0131n\u0131n, end\u00fcstriye h\u0131z kazand\u0131rmak ve ihtiya\u00e7lar\u0131 kolayca \u00e7\u00f6zebilmek gibi bir misyonu bulunmal\u0131d\u0131r.<\/p>\n<\/div><\/section><\/p><\/div><div class=\"flex_column av_one_fourth  av-animated-generic bottom-to-top  flex_column_div av-zero-column-padding   avia-builder-el-31  el_after_av_one_fourth  avia-builder-el-last  \" style='border-radius:0px; '><p><div  class='avia-image-container  av-styling-no-styling    avia-builder-el-32  el_before_av_heading  avia-builder-el-first  avia-align-center '  itemprop=\"image\" itemscope=\"itemscope\" itemtype=\"https:\/\/schema.org\/ImageObject\"  ><div class='avia-image-container-inner'><div class='avia-image-overlay-wrap'><img decoding=\"async\" class='wp-image-325 avia-img-lazy-loading-not-325 avia_image' src=\"http:\/\/www.metsangroup.com\/wp-content\/uploads\/layerslider\/Overcom-Ana-Sayfa\/yapi-market-raf-sistemleri8-300x125.jpg\" alt='' title='yapi-market-raf-sistemleri8' height=\"125\" width=\"300\"  itemprop=\"thumbnailUrl\" srcset=\"http:\/\/www.metsangroup.com\/wp-content\/uploads\/layerslider\/Overcom-Ana-Sayfa\/yapi-market-raf-sistemleri8-300x125.jpg 300w, http:\/\/www.metsangroup.com\/wp-content\/uploads\/layerslider\/Overcom-Ana-Sayfa\/yapi-market-raf-sistemleri8-1030x428.jpg 1030w, http:\/\/www.metsangroup.com\/wp-content\/uploads\/layerslider\/Overcom-Ana-Sayfa\/yapi-market-raf-sistemleri8-768x319.jpg 768w, http:\/\/www.metsangroup.com\/wp-content\/uploads\/layerslider\/Overcom-Ana-Sayfa\/yapi-market-raf-sistemleri8-705x293.jpg 705w, http:\/\/www.metsangroup.com\/wp-content\/uploads\/layerslider\/Overcom-Ana-Sayfa\/yapi-market-raf-sistemleri8.jpg 1422w\" sizes=\"(max-width: 300px) 100vw, 300px\" \/><\/div><\/div><\/div><br \/>\n<div  style='padding-bottom:10px; ' class='av-special-heading av-special-heading-h5  blockquote modern-quote  avia-builder-el-33  el_after_av_image  el_before_av_textblock  '><h5 class='av-special-heading-tag '  itemprop=\"headline\"  >\u00dcretim Tesisleri<\/h5><div class='special-heading-border'><div class='special-heading-inner-border' ><\/div><\/div><\/div><br \/>\n<section class=\"av_textblock_section \"  itemscope=\"itemscope\" itemtype=\"https:\/\/schema.org\/CreativeWork\" ><div class='avia_textblock  '   itemprop=\"text\" ><p style=\"text-align: justify;\">End\u00fcstriyel makine \u00fcreticileri, \u00fcrettikleri ekipmanlar\u0131n memnuniyeti konusunda \u00f6zellikle ilk pazarlarda emin olmak durumdad\u0131rlar. Benzer \u015fekilde, kullan\u0131c\u0131lar da kendi ekipmanlar\u0131n\u0131n y\u00fcksek verimlili\u011fini garanti etmeliler.<\/p>\n<\/div><\/section><\/p><\/div>\n<\/div><\/div><\/div><!-- close content main div --><\/div><\/div><div id='after_section_1'  class='main_color av_default_container_wrap container_wrap sidebar_right' style=' '  ><div class='container' ><div class='template-page content  av-content-small alpha units'><div class='post-entry post-entry-type-page post-entry-3779'><div class='entry-content-wrapper clearfix'>\n","protected":false},"excerpt":{"rendered":"","protected":false},"author":1,"featured_media":0,"parent":0,"menu_order":2,"comment_status":"closed","ping_status":"closed","template":"","meta":{"footnotes":""},"class_list":["post-3779","page","type-page","status-publish","hentry"],"_links":{"self":[{"href":"http:\/\/www.metsangroup.com\/index.php?rest_route=\/wp\/v2\/pages\/3779","targetHints":{"allow":["GET"]}}],"collection":[{"href":"http:\/\/www.metsangroup.com\/index.php?rest_route=\/wp\/v2\/pages"}],"about":[{"href":"http:\/\/www.metsangroup.com\/index.php?rest_route=\/wp\/v2\/types\/page"}],"author":[{"embeddable":true,"href":"http:\/\/www.metsangroup.com\/index.php?rest_route=\/wp\/v2\/users\/1"}],"replies":[{"embeddable":true,"href":"http:\/\/www.metsangroup.com\/index.php?rest_route=%2Fwp%2Fv2%2Fcomments&post=3779"}],"version-history":[{"count":2,"href":"http:\/\/www.metsangroup.com\/index.php?rest_route=\/wp\/v2\/pages\/3779\/revisions"}],"predecessor-version":[{"id":5830,"href":"http:\/\/www.metsangroup.com\/index.php?rest_route=\/wp\/v2\/pages\/3779\/revisions\/5830"}],"wp:attachment":[{"href":"http:\/\/www.metsangroup.com\/index.php?rest_route=%2Fwp%2Fv2%2Fmedia&parent=3779"}],"curies":[{"name":"wp","href":"https:\/\/api.w.org\/{rel}","templated":true}]}}