{"id":3580,"date":"2015-10-30T22:22:40","date_gmt":"2015-10-30T20:22:40","guid":{"rendered":"http:\/\/www.overcom-tr.com\/?page_id=3580"},"modified":"2021-06-11T15:30:07","modified_gmt":"2021-06-11T12:30:07","slug":"projeler","status":"publish","type":"page","link":"http:\/\/www.metsangroup.com\/?page_id=3580","title":{"rendered":"Referans ve Projeler"},"content":{"rendered":"<div id='layer_slider_1'  class='avia-layerslider main_color avia-shadow  avia-builder-el-0  el_before_av_one_third  avia-builder-el-first  container_wrap sidebar_right' style='  height: 151px;' ><\/div><div id='after_layer_slider_1'  class='main_color av_default_container_wrap container_wrap sidebar_right' style=' '  ><div class='container' ><div class='template-page content  av-content-small alpha units'><div class='post-entry post-entry-type-page post-entry-3580'><div class='entry-content-wrapper clearfix'>\n<div class=\"flex_column av_one_third  av-animated-generic bottom-to-top  flex_column_div av-zero-column-padding first  avia-builder-el-1  el_after_av_layerslider  el_before_av_one_third  avia-builder-el-first  \" style='border-radius:0px; '><p><div  class='avia-image-container  av-styling-no-styling    avia-builder-el-2  el_before_av_heading  avia-builder-el-first  avia-align-center '  itemprop=\"image\" itemscope=\"itemscope\" itemtype=\"https:\/\/schema.org\/ImageObject\"  ><div class='avia-image-container-inner'><div class='avia-image-overlay-wrap'><a href='http:\/\/www.metsangroup.com\/' class='avia_image'  ><img decoding=\"async\" width=\"845\" height=\"321\" class='wp-image-5785 avia-img-lazy-loading-not-5785 avia_image' src=\"http:\/\/www.metsangroup.com\/wp-content\/uploads\/2021\/06\/stockvault-old-factory-pipes117516-845x321.jpg\" alt='' title='stockvault-old-factory-pipes117516'  itemprop=\"thumbnailUrl\"  \/><\/a><\/div><\/div><\/div><br \/>\n<div  style='padding-bottom:0px; ' class='av-special-heading av-special-heading-h5  blockquote modern-quote  avia-builder-el-3  el_after_av_image  el_before_av_textblock  '><h5 class='av-special-heading-tag '  itemprop=\"headline\"  >Devam Eden Projeler<\/h5><div class='special-heading-border'><div class='special-heading-inner-border' ><\/div><\/div><\/div><br \/>\n<section class=\"av_textblock_section \"  itemscope=\"itemscope\" itemtype=\"https:\/\/schema.org\/CreativeWork\" ><div class='avia_textblock  '   itemprop=\"text\" ><p style=\"text-align: justify;\">End\u00fcstriyel, Proje, Tasar\u0131m ve \u00d6zel imalat makinelerle ilgili devam eden projelerimiz i\u00e7in t\u0131klay\u0131n.<\/p>\n<\/div><\/section><\/p><\/div><div class=\"flex_column av_one_third  av-animated-generic bottom-to-top  flex_column_div av-zero-column-padding   avia-builder-el-5  el_after_av_one_third  el_before_av_one_third  \" style='border-radius:0px; '><p><div  class='avia-image-container  av-styling-no-styling    avia-builder-el-6  el_before_av_heading  avia-builder-el-first  avia-align-center '  itemprop=\"image\" itemscope=\"itemscope\" itemtype=\"https:\/\/schema.org\/ImageObject\"  ><div class='avia-image-container-inner'><div class='avia-image-overlay-wrap'><a href='http:\/\/www.metsangroup.com\/' class='avia_image'  ><img decoding=\"async\" width=\"845\" height=\"321\" class='wp-image-5758 avia-img-lazy-loading-not-5758 avia_image' src=\"http:\/\/www.metsangroup.com\/wp-content\/uploads\/2021\/06\/overcom-water-treatment3-845x321.jpg\" alt='' title='overcom-water treatment3'  itemprop=\"thumbnailUrl\"  \/><\/a><\/div><\/div><\/div><br \/>\n<div  style='padding-bottom:0px; ' class='av-special-heading av-special-heading-h5  blockquote modern-quote  avia-builder-el-7  el_after_av_image  el_before_av_textblock  '><h5 class='av-special-heading-tag '  itemprop=\"headline\"  >Tamamlanan Projeler<\/h5><div class='special-heading-border'><div class='special-heading-inner-border' ><\/div><\/div><\/div><br \/>\n<section class=\"av_textblock_section \"  itemscope=\"itemscope\" itemtype=\"https:\/\/schema.org\/CreativeWork\" ><div class='avia_textblock  '   itemprop=\"text\" ><p style=\"text-align: justify;\">Markalar\u0131m\u0131za ait faaliyetlerinden tamamlanan i\u015flerimizden baz\u0131lar\u0131na ula\u015fmak i\u00e7in t\u0131klay\u0131n.<\/p>\n<\/div><\/section><\/p><\/div><div class=\"flex_column av_one_third  av-animated-generic bottom-to-top  flex_column_div av-zero-column-padding   avia-builder-el-9  el_after_av_one_third  el_before_av_hr  \" style='border-radius:0px; '><p><div  class='avia-image-container  av-styling-no-styling    avia-builder-el-10  el_before_av_heading  avia-builder-el-first  avia-align-center '  itemprop=\"image\" itemscope=\"itemscope\" itemtype=\"https:\/\/schema.org\/ImageObject\"  ><div class='avia-image-container-inner'><div class='avia-image-overlay-wrap'><a href='http:\/\/www.metsangroup.com\/' class='avia_image'  ><img decoding=\"async\" width=\"845\" height=\"321\" class='wp-image-5744 avia-img-lazy-loading-not-5744 avia_image' src=\"http:\/\/www.metsangroup.com\/wp-content\/uploads\/2021\/06\/olc-845x321.jpg\" alt='' title='olc'  itemprop=\"thumbnailUrl\"  \/><\/a><\/div><\/div><\/div><br \/>\n<div  style='padding-bottom:0px; ' class='av-special-heading av-special-heading-h5  blockquote modern-quote  avia-builder-el-11  el_after_av_image  el_before_av_textblock  '><h5 class='av-special-heading-tag '  itemprop=\"headline\"  >Referanslar\u0131m\u0131z<\/h5><div class='special-heading-border'><div class='special-heading-inner-border' ><\/div><\/div><\/div><br \/>\n<section class=\"av_textblock_section \"  itemscope=\"itemscope\" itemtype=\"https:\/\/schema.org\/CreativeWork\" ><div class='avia_textblock  '   itemprop=\"text\" ><p>\u0130\u015f baz\u0131nda referans niteli\u011fi ta\u015f\u0131yan i\u015ftirak\u00e7i ve i\u015f ortaklar\u0131m\u0131z\u0131n listesini g\u00f6rmek i\u00e7in t\u0131klay\u0131n.<\/p>\n<\/div><\/section><\/p><\/div><div   class='hr hr-default   avia-builder-el-13  el_after_av_one_third  el_before_av_one_full '><span class='hr-inner ' ><span class='hr-inner-style'><\/span><\/span><\/div><\/p>\n<div class='flex_column_table av-equal-height-column-flextable -flextable' ><div class=\"flex_column av_one_full  no_margin flex_column_table_cell av-equal-height-column av-align-middle av-zero-column-padding first  avia-builder-el-14  el_after_av_hr  avia-builder-el-last  \" style='background-color:rgba(255,255,255,0.01); border-radius:0px; '><\/div><\/div><!--close column table wrapper. Autoclose: 1 -->\n","protected":false},"excerpt":{"rendered":"","protected":false},"author":1,"featured_media":0,"parent":0,"menu_order":2,"comment_status":"closed","ping_status":"closed","template":"","meta":{"footnotes":""},"class_list":["post-3580","page","type-page","status-publish","hentry"],"_links":{"self":[{"href":"http:\/\/www.metsangroup.com\/index.php?rest_route=\/wp\/v2\/pages\/3580","targetHints":{"allow":["GET"]}}],"collection":[{"href":"http:\/\/www.metsangroup.com\/index.php?rest_route=\/wp\/v2\/pages"}],"about":[{"href":"http:\/\/www.metsangroup.com\/index.php?rest_route=\/wp\/v2\/types\/page"}],"author":[{"embeddable":true,"href":"http:\/\/www.metsangroup.com\/index.php?rest_route=\/wp\/v2\/users\/1"}],"replies":[{"embeddable":true,"href":"http:\/\/www.metsangroup.com\/index.php?rest_route=%2Fwp%2Fv2%2Fcomments&post=3580"}],"version-history":[{"count":1,"href":"http:\/\/www.metsangroup.com\/index.php?rest_route=\/wp\/v2\/pages\/3580\/revisions"}],"predecessor-version":[{"id":5847,"href":"http:\/\/www.metsangroup.com\/index.php?rest_route=\/wp\/v2\/pages\/3580\/revisions\/5847"}],"wp:attachment":[{"href":"http:\/\/www.metsangroup.com\/index.php?rest_route=%2Fwp%2Fv2%2Fmedia&parent=3580"}],"curies":[{"name":"wp","href":"https:\/\/api.w.org\/{rel}","templated":true}]}}