{"id":3537,"date":"2015-10-30T22:09:45","date_gmt":"2015-10-30T20:09:45","guid":{"rendered":"http:\/\/www.overcom-tr.com\/?page_id=3537"},"modified":"2021-06-11T15:52:21","modified_gmt":"2021-06-11T12:52:21","slug":"egitim-faaliyetleri","status":"publish","type":"page","link":"http:\/\/www.metsangroup.com\/?page_id=3537","title":{"rendered":"Kaynaklar"},"content":{"rendered":"<div id='layer_slider_1'  class='avia-layerslider main_color avia-shadow  avia-builder-el-0  el_before_av_one_half  avia-builder-el-first  container_wrap sidebar_right' style='  height: 151px;' ><\/div><div id='after_layer_slider_1'  class='main_color av_default_container_wrap container_wrap sidebar_right' style=' '  ><div class='container' ><div class='template-page content  av-content-small alpha units'><div class='post-entry post-entry-type-page post-entry-3537'><div class='entry-content-wrapper clearfix'>\n<div class=\"flex_column av_one_half  flex_column_div av-zero-column-padding first  avia-builder-el-1  el_after_av_layerslider  el_before_av_one_half  avia-builder-el-first  \" style='border-radius:0px; '><p><div  class='avia-image-container avia_animated_image avia_animate_when_almost_visible top-to-bottom av-styling-no-styling    avia-builder-el-2  el_before_av_heading  avia-builder-el-first  avia-align-center '  itemprop=\"image\" itemscope=\"itemscope\" itemtype=\"https:\/\/schema.org\/ImageObject\"  ><div class='avia-image-container-inner'><div class='avia-image-overlay-wrap'><a href='http:\/\/www.metsangroup.com\/' class='avia_image'  ><img decoding=\"async\" width=\"845\" height=\"321\" class='wp-image-5679 avia-img-lazy-loading-not-5679 avia_image' src=\"http:\/\/www.metsangroup.com\/wp-content\/uploads\/2021\/06\/belgeler-1-845x321.jpg\" alt='' title='belgeler'  itemprop=\"thumbnailUrl\"  \/><\/a><\/div><\/div><\/div><br \/>\n<div  style='padding-bottom:3px; ' class='av-special-heading av-special-heading-h5    avia-builder-el-3  el_after_av_image  el_before_av_textblock  '><h5 class='av-special-heading-tag '  itemprop=\"headline\"  >Belgelerimiz<\/h5><div class='special-heading-border'><div class='special-heading-inner-border' ><\/div><\/div><\/div><br \/>\n<section class=\"av_textblock_section \"  itemscope=\"itemscope\" itemtype=\"https:\/\/schema.org\/CreativeWork\" ><div class='avia_textblock  '   itemprop=\"text\" ><p style=\"text-align: justify;\">End\u00fcstriyel Kazan\u0131mlar, Y\u00f6netimsel Kriter Belgeleri, Test Hizmetleri, \u00a0Referans ve Te\u015fekk\u00fcrler, Yetkinliklerimiz gibi bir\u00e7ok belgeyi bu alanda temin edebilirsiniz.<\/p>\n<\/div><\/section><\/p><\/div>\n<div class=\"flex_column av_one_half  flex_column_div av-zero-column-padding   avia-builder-el-5  el_after_av_one_half  el_before_av_one_full  \" style='border-radius:0px; '><p><div  class='avia-image-container avia_animated_image avia_animate_when_almost_visible top-to-bottom av-styling-no-styling    avia-builder-el-6  el_before_av_heading  avia-builder-el-first  avia-align-center '  itemprop=\"image\" itemscope=\"itemscope\" itemtype=\"https:\/\/schema.org\/ImageObject\"  ><div class='avia-image-container-inner'><div class='avia-image-overlay-wrap'><a href='http:\/\/www.metsangroup.com\/' class='avia_image'  ><img decoding=\"async\" width=\"845\" height=\"321\" class='wp-image-5739 avia-img-lazy-loading-not-5739 avia_image' src=\"http:\/\/www.metsangroup.com\/wp-content\/uploads\/2021\/06\/net8-845x321.jpg\" alt='' title='net8'  itemprop=\"thumbnailUrl\"  \/><\/a><\/div><\/div><\/div><br \/>\n<div  style='padding-bottom:3px; ' class='av-special-heading av-special-heading-h5    avia-builder-el-7  el_after_av_image  el_before_av_textblock  '><h5 class='av-special-heading-tag '  itemprop=\"headline\"  >Faydal\u0131 D\u00f6k\u00fcmanlar<\/h5><div class='special-heading-border'><div class='special-heading-inner-border' ><\/div><\/div><\/div><br \/>\n<section class=\"av_textblock_section \"  itemscope=\"itemscope\" itemtype=\"https:\/\/schema.org\/CreativeWork\" ><div class='avia_textblock  '   itemprop=\"text\" ><p style=\"text-align: justify;\">Enerji, Belgelendirme, Verimlilik, Mevzuatlar ve teknik geli\u015fmelerle ilgili bir\u00e7ok bilgiyi temin edece\u011finiz bir platform&#8230; Payla\u015f\u0131m \u00f6nerilerinizi maille g\u00f6nderebilir ve foruma katk\u0131da bulunabilirsiniz.<\/p>\n<\/div><\/section><\/p><\/div>\n<div class=\"flex_column av_one_full  flex_column_div av-zero-column-padding first  avia-builder-el-9  el_after_av_one_half  el_before_av_hr  column-top-margin\" style='border-radius:0px; '><p><div  class='avia-image-container avia_animated_image avia_animate_when_almost_visible top-to-bottom av-styling-no-styling    avia-builder-el-10  el_before_av_heading  avia-builder-el-first  avia-align-center '  itemprop=\"image\" itemscope=\"itemscope\" itemtype=\"https:\/\/schema.org\/ImageObject\"  ><div class='avia-image-container-inner'><div class='avia-image-overlay-wrap'><a href='http:\/\/www.metsangroup.com\/' class='avia_image'  ><img decoding=\"async\" width=\"800\" height=\"321\" class='wp-image-5726 avia-img-lazy-loading-not-5726 avia_image' src=\"http:\/\/www.metsangroup.com\/wp-content\/uploads\/2021\/06\/kurumsal-kimlik-800x321.jpg\" alt='' title='kurumsal kimlik'  itemprop=\"thumbnailUrl\"  \/><\/a><\/div><\/div><\/div><br \/>\n<div  style='padding-bottom:3px; ' class='av-special-heading av-special-heading-h5    avia-builder-el-11  el_after_av_image  el_before_av_textblock  '><h5 class='av-special-heading-tag '  itemprop=\"headline\"  >Katalog ve Bro\u015f\u00fcrler<\/h5><div class='special-heading-border'><div class='special-heading-inner-border' ><\/div><\/div><\/div><br \/>\n<section class=\"av_textblock_section \"  itemscope=\"itemscope\" itemtype=\"https:\/\/schema.org\/CreativeWork\" ><div class='avia_textblock  '   itemprop=\"text\" ><p>\u00dcr\u00fcn ve hizmetlerimizle ilgili akt\u00fcel katalog, magazin ve bro\u015f\u00fcrleri buradan takip edebilirsiniz. Her ge\u00e7en g\u00fcn \u00fcr\u00fcn ve hizmetlerinde \u00e7e\u015fitlilik sa\u011flayan Metsan Group, end\u00fcstriyel hizmetleriyle kar\u015f\u0131n\u0131za \u00e7\u0131kmaktad\u0131r.<\/p>\n<\/div><\/section><\/p><\/div><div   class='hr hr-short hr-center   avia-builder-el-13  el_after_av_one_full  avia-builder-el-last '><span class='hr-inner ' ><span class='hr-inner-style'><\/span><\/span><\/div><\/p>\n","protected":false},"excerpt":{"rendered":"","protected":false},"author":1,"featured_media":0,"parent":0,"menu_order":4,"comment_status":"closed","ping_status":"closed","template":"","meta":{"footnotes":""},"class_list":["post-3537","page","type-page","status-publish","hentry"],"_links":{"self":[{"href":"http:\/\/www.metsangroup.com\/index.php?rest_route=\/wp\/v2\/pages\/3537","targetHints":{"allow":["GET"]}}],"collection":[{"href":"http:\/\/www.metsangroup.com\/index.php?rest_route=\/wp\/v2\/pages"}],"about":[{"href":"http:\/\/www.metsangroup.com\/index.php?rest_route=\/wp\/v2\/types\/page"}],"author":[{"embeddable":true,"href":"http:\/\/www.metsangroup.com\/index.php?rest_route=\/wp\/v2\/users\/1"}],"replies":[{"embeddable":true,"href":"http:\/\/www.metsangroup.com\/index.php?rest_route=%2Fwp%2Fv2%2Fcomments&post=3537"}],"version-history":[{"count":3,"href":"http:\/\/www.metsangroup.com\/index.php?rest_route=\/wp\/v2\/pages\/3537\/revisions"}],"predecessor-version":[{"id":5854,"href":"http:\/\/www.metsangroup.com\/index.php?rest_route=\/wp\/v2\/pages\/3537\/revisions\/5854"}],"wp:attachment":[{"href":"http:\/\/www.metsangroup.com\/index.php?rest_route=%2Fwp%2Fv2%2Fmedia&parent=3537"}],"curies":[{"name":"wp","href":"https:\/\/api.w.org\/{rel}","templated":true}]}}