{"id":3466,"date":"2015-10-30T21:15:46","date_gmt":"2015-10-30T19:15:46","guid":{"rendered":"http:\/\/www.overcom-tr.com\/?page_id=3466"},"modified":"2021-06-11T15:27:29","modified_gmt":"2021-06-11T12:27:29","slug":"insan-kaynaklari","status":"publish","type":"page","link":"http:\/\/www.metsangroup.com\/?page_id=3466","title":{"rendered":"Kariyer"},"content":{"rendered":"<div  style='padding-bottom:10px; ' class='av-special-heading av-special-heading-h5    avia-builder-el-0  el_before_av_textblock  avia-builder-el-first  '><h5 class='av-special-heading-tag '  itemprop=\"headline\"  >\u0130nsan Kaynaklar\u0131<\/h5><div class='special-heading-border'><div class='special-heading-inner-border' ><\/div><\/div><\/div>\n<section class=\"av_textblock_section \"  itemscope=\"itemscope\" itemtype=\"https:\/\/schema.org\/CreativeWork\" ><div class='avia_textblock  '   itemprop=\"text\" ><p><img loading=\"lazy\" decoding=\"async\" class=\"wp-image-5807 alignleft\" src=\"http:\/\/www.metsangroup.com\/wp-content\/uploads\/2021\/06\/work-1500x1001.jpg\" alt=\"\" width=\"364\" height=\"243\" srcset=\"http:\/\/www.metsangroup.com\/wp-content\/uploads\/2021\/06\/work-1500x1001.jpg 1500w, http:\/\/www.metsangroup.com\/wp-content\/uploads\/2021\/06\/work-300x200.jpg 300w, http:\/\/www.metsangroup.com\/wp-content\/uploads\/2021\/06\/work-1030x687.jpg 1030w, http:\/\/www.metsangroup.com\/wp-content\/uploads\/2021\/06\/work-768x513.jpg 768w, http:\/\/www.metsangroup.com\/wp-content\/uploads\/2021\/06\/work-1536x1025.jpg 1536w, http:\/\/www.metsangroup.com\/wp-content\/uploads\/2021\/06\/work-2048x1367.jpg 2048w, http:\/\/www.metsangroup.com\/wp-content\/uploads\/2021\/06\/work-705x471.jpg 705w\" sizes=\"auto, (max-width: 364px) 100vw, 364px\" \/><\/p>\n<p><strong>Tutkulu uzman ekibimizin\u00a0bir par\u00e7as\u0131 olmaya ne dersiniz?\u00a0<\/strong><\/p>\n<p style=\"text-align: justify;\"><strong>Metsan Group;<\/strong>\u00a0s\u00f6z konusu teknoloji, insan ve \u00e7evre olunca \u00e7ok kararl\u0131d\u0131r.\u00a0Dolay\u0131s\u0131yla \u00e7al\u0131\u015fanlar\u0131m\u0131z g\u00fcnl\u00fck \u00e7al\u0131\u015fma periyotlar\u0131nda bir\u00e7ok \u00e7evre ve insan\u00a0\u00fczerinde etkili olmaktad\u0131rlar. Sorunlar\u0131n \u00e7\u00f6z\u00fclmesinin \u00f6tesinde, \u00e7al\u0131\u015fanlar\u0131m\u0131z kendilerini d\u00fcnyan\u0131n daha ya\u015fanabilir olmas\u0131na adam\u0131\u015flard\u0131r.<\/p>\n<p style=\"text-align: justify;\">\u0130\u015fte Metsan Group &#8216;un en iyilerle \u00e7al\u0131\u015fma nedeni bu kadar basittir. Metsan Group &#8216;a kat\u0131lmak demek; global uzman a\u011f\u0131na eklenmek, m\u00fc\u015fterilerine s\u00fcrekli geli\u015fim felsefesiyle ekonomik katma de\u011fer katma, g\u00fcvenlik sa\u011flama, kalite art\u0131rma noktas\u0131nda fayda yaratmak demektir. Metsan Group uzmanlar\u0131, en iyi uygulamalar\u0131 form\u00fcle ederek uluslararas\u0131 g\u00fcvenlik standartlar\u0131n\u0131n olu\u015fmas\u0131nda komitelere ba\u015fkanl\u0131k ederler.<\/p>\n<\/div><\/section>\n<div class=\"flex_column av_one_half  flex_column_div av-zero-column-padding first  avia-builder-el-2  el_after_av_textblock  el_before_av_one_half  column-top-margin\" style='border-radius:0px; '><p><div  style='padding-bottom:10px; ' class='av-special-heading av-special-heading-h5    avia-builder-el-3  el_before_av_promobox  avia-builder-el-first  '><h5 class='av-special-heading-tag '  itemprop=\"headline\"  >Firmam\u0131zda A\u00e7\u0131k Pozisyonlar<\/h5><div class='special-heading-border'><div class='special-heading-inner-border' ><\/div><\/div><\/div><br \/>\n\t<div   class='av_promobox  avia-button-no   avia-builder-el-4  el_after_av_heading  el_before_av_button '>\t\t<div class='avia-promocontent'><p>\n<strong>KAYNAK M\u00dcHEND\u0130S\u0130\u00a0<\/strong>(Ref:02132)<\/p>\n<p>Genel Nitelikler:<br \/>\n\u00dcniversitelerin M\u00fchendislik b\u00f6l\u00fcmlerinden mezun,<br \/>\nMinimum 2 y\u0131l tecr\u00fcbeli,<br \/>\nM\u00fc\u015fteri ad\u0131na teknik \u015fartnamede belirlenen standartlara g\u00f6re final, ara denetimleri yapacak ve m\u00fc\u015fteri ad\u0131na karar verebilecek,<br \/>\n\u0130yi seviyede \u0130ngilizce bilen ve \u0130ngilizce raporlama yapabilecek,<br \/>\nAktif olarak araba kullanabilen,<br \/>\nUluslararas\u0131 Kaynak M\u00fchendisli\u011fi sertifikas\u0131na sahip,<br \/>\nEnerjik, tak\u0131m \u00e7al\u0131\u015fmas\u0131na yatk\u0131n ve ileti\u015fim becerileri g\u00fc\u00e7l\u00fc,<br \/>\nYo\u011fun i\u015f tempusuna ayak uydurabilecek,<br \/>\nMS Office programlar\u0131n\u0131 etkin olarak kullanabilen,<br \/>\nTercihen EN 15085 standart \u015fartlar\u0131na hakim.<\/p>\n<p>\u0130lan Tarihi: 02.12.2021<br \/>\nPersonel Say\u0131s\u0131: 1<\/p>\n<\/div><\/div><br \/>\n<div  class='avia-button-wrap avia-button-left  avia-builder-el-5  el_after_av_promobox  avia-builder-el-last ' ><a href='http:\/\/www.metsangroup.com\/?page_id=3466'  class='avia-button  avia-color-theme-color   avia-icon_select-no avia-size-small avia-position-left '   ><span class='avia_iconbox_title' >Ba\u015fvuru Yap<\/span><\/a><\/div><\/p><\/div><div class=\"flex_column av_one_half  flex_column_div av-zero-column-padding   avia-builder-el-6  el_after_av_one_half  el_before_av_hr  column-top-margin\" style='border-radius:0px; '><p><div  style='padding-bottom:15px; ' class='av-special-heading av-special-heading-h5    avia-builder-el-7  el_before_av_promobox  avia-builder-el-first  '><h5 class='av-special-heading-tag '  itemprop=\"headline\"  >Genel Ba\u015fvuru Formu<\/h5><div class='special-heading-border'><div class='special-heading-inner-border' ><\/div><\/div><\/div><br \/>\n\t<div   class='av_promobox  avia-button-no   avia-builder-el-8  el_after_av_heading  el_before_av_button '>\t\t<div class='avia-promocontent'><p>\nGenel Nitelikler:<\/p>\n<p>\u00dcniversitelerin M\u00fchendislik b\u00f6l\u00fcmlerinden mezun,<br \/>\nMinimum 2 y\u0131l tecr\u00fcbeli,<br \/>\nM\u00fc\u015fteri ad\u0131na teknik \u015fartnamede belirlenen standartlara g\u00f6re final, ara denetimleri yapacak ve m\u00fc\u015fteri ad\u0131na karar verebilecek,<br \/>\n\u0130yi seviyede \u0130ngilizce bilen ve \u0130ngilizce raporlama yapabilecek,<br \/>\nAktif olarak araba kullanabilen,<br \/>\nUluslararas\u0131 Kaynak M\u00fchendisli\u011fi sertifikas\u0131na sahip,<br \/>\nEnerjik, tak\u0131m \u00e7al\u0131\u015fmas\u0131na yatk\u0131n ve ileti\u015fim becerileri g\u00fc\u00e7l\u00fc,<br \/>\nYo\u011fun i\u015f tempusuna ayak uydurabilecek,<br \/>\nMS Office programlar\u0131n\u0131 etkin olarak kullanabilen,<br \/>\nTercihen EN 15085 standart \u015fartlar\u0131na hakim.<\/p>\n<p>\u0130lan Tarihi: 02.12.2021<br \/>\nPersonel Say\u0131s\u0131: 1<\/p>\n<\/div><\/div><br \/>\n<div  class='avia-button-wrap avia-button-left  avia-builder-el-9  el_after_av_promobox  avia-builder-el-last ' ><a href='http:\/\/www.metsangroup.com\/?page_id=3466'  class='avia-button  avia-color-theme-color   avia-icon_select-no avia-size-small avia-position-left '   ><span class='avia_iconbox_title' >Ba\u015fvuru Yap<\/span><\/a><\/div><\/p><\/div><div   class='hr hr-default   avia-builder-el-10  el_after_av_one_half  el_before_av_textblock '><span class='hr-inner ' ><span class='hr-inner-style'><\/span><\/span><\/div><\/p>\n<section class=\"av_textblock_section \"  itemscope=\"itemscope\" itemtype=\"https:\/\/schema.org\/CreativeWork\" ><div class='avia_textblock  '   itemprop=\"text\" ><p>Biz yapt\u0131\u011f\u0131m\u0131z her \u00e7al\u0131\u015fmada, a\u00e7\u0131k ve anla\u015f\u0131l\u0131r bir k\u00fclt\u00fcr geli\u015ftirmeyi i\u015flerimizin kalbine yerle\u015ftiriyoruz. Alan\u0131nda\u00a0\u00f6nde gelen teknik servis sa\u011flay\u0131c\u0131s\u0131 olarak en \u00f6nemli sermayemiz nitelikli ve\u00a0deneyimli i\u015f g\u00fcc\u00fcm\u00fczd\u00fcr. <strong>Metsan Group<\/strong>, elde etti\u011fi kar\u0131n\u0131 yine \u00e7al\u0131\u015fanlar\u0131n\u0131n geli\u015fimi i\u00e7in kullan\u0131rken, \u00e7al\u0131\u015fan personel ve \u00e7al\u0131\u015fma ortam\u0131n\u0131n iyile\u015ftirilmesine s\u00fcrekli yat\u0131r\u0131m yapar.<\/p>\n<\/div><\/section>\n<div   class='hr hr-short hr-center   avia-builder-el-12  el_after_av_textblock  avia-builder-el-last '><span class='hr-inner ' ><span class='hr-inner-style'><\/span><\/span><\/div>\n","protected":false},"excerpt":{"rendered":"","protected":false},"author":1,"featured_media":0,"parent":0,"menu_order":5,"comment_status":"closed","ping_status":"closed","template":"","meta":{"footnotes":""},"class_list":["post-3466","page","type-page","status-publish","hentry"],"_links":{"self":[{"href":"http:\/\/www.metsangroup.com\/index.php?rest_route=\/wp\/v2\/pages\/3466","targetHints":{"allow":["GET"]}}],"collection":[{"href":"http:\/\/www.metsangroup.com\/index.php?rest_route=\/wp\/v2\/pages"}],"about":[{"href":"http:\/\/www.metsangroup.com\/index.php?rest_route=\/wp\/v2\/types\/page"}],"author":[{"embeddable":true,"href":"http:\/\/www.metsangroup.com\/index.php?rest_route=\/wp\/v2\/users\/1"}],"replies":[{"embeddable":true,"href":"http:\/\/www.metsangroup.com\/index.php?rest_route=%2Fwp%2Fv2%2Fcomments&post=3466"}],"version-history":[{"count":2,"href":"http:\/\/www.metsangroup.com\/index.php?rest_route=\/wp\/v2\/pages\/3466\/revisions"}],"predecessor-version":[{"id":5852,"href":"http:\/\/www.metsangroup.com\/index.php?rest_route=\/wp\/v2\/pages\/3466\/revisions\/5852"}],"wp:attachment":[{"href":"http:\/\/www.metsangroup.com\/index.php?rest_route=%2Fwp%2Fv2%2Fmedia&parent=3466"}],"curies":[{"name":"wp","href":"https:\/\/api.w.org\/{rel}","templated":true}]}}