{"id":3460,"date":"2015-10-30T21:09:08","date_gmt":"2015-10-30T19:09:08","guid":{"rendered":"http:\/\/www.overcom-tr.com\/?page_id=3460"},"modified":"2021-06-11T13:52:39","modified_gmt":"2021-06-11T10:52:39","slug":"vizyon-misyon-bildirimi","status":"publish","type":"page","link":"http:\/\/www.metsangroup.com\/?page_id=3460","title":{"rendered":"Vizyon \/ Misyon Bildirimi"},"content":{"rendered":"<div class=\"flex_column av_one_half  flex_column_div av-zero-column-padding first  avia-builder-el-0  el_before_av_one_half  avia-builder-el-first  \" style='border-radius:0px; '><p><div  style='padding-bottom:10px; ' class='av-special-heading av-special-heading-h5    avia-builder-el-1  el_before_av_textblock  avia-builder-el-first  '><h5 class='av-special-heading-tag '  itemprop=\"headline\"  >Vizyonumuz<\/h5><div class='special-heading-border'><div class='special-heading-inner-border' ><\/div><\/div><\/div><br \/>\n<section class=\"av_textblock_section \"  itemscope=\"itemscope\" itemtype=\"https:\/\/schema.org\/CreativeWork\" ><div class='avia_textblock  '   itemprop=\"text\" ><p style=\"text-align: justify;\"><img loading=\"lazy\" decoding=\"async\" class=\"alignnone size-entry_without_sidebar wp-image-5773\" src=\"http:\/\/www.metsangroup.com\/wp-content\/uploads\/2021\/06\/server-1210x423.png\" alt=\"\" width=\"1210\" height=\"423\" \/><\/p>\n<p style=\"text-align: justify;\">D\u00fcnya 2050 vizyonuna uygun \u015fekilde temsilcisi oldu\u011fumuz ki\u015fi ya da kurulu\u015flar\u0131n gelece\u011fini teminat alt\u0131na alarak \u00fcretti\u011fimiz \u00fcr\u00fcn ve hizmetlerle uluslararas\u0131 arenada g\u00fc\u00e7 ve s\u00f6z sahibi olan, ekonomik altyap\u0131ya katk\u0131da bulunan, payla\u015f\u0131mc\u0131 ve ilkeli ve bir kurulu\u015f olmay\u0131 her daim hedeflemekteyiz.<\/p>\n<p style=\"text-align: justify;\">Kalite bilinciyle ve insan sa\u011fl\u0131\u011f\u0131na verdi\u011fimiz \u00f6ncelikle \u00e7\u0131kt\u0131\u011f\u0131m\u0131z bu yolda; bireyin gelece\u011finin temini, huzurla ya\u015fanabilecek bir gelece\u011fin miras\u0131 ve arkas\u0131nda uygulanabilir bir teknik, \u00f6l\u00e7\u00fclebilir bir kalite ve ula\u015f\u0131labilir hedefler b\u0131rakmay\u0131 arzulayan firmam\u0131z; global \u00f6l\u00e7ekte projelere i\u015ftirak etmek, uygulamak ve dan\u0131\u015fmanl\u0131k yapmak \u00fczere temellerini atm\u0131\u015ft\u0131r.<\/p>\n<p style=\"text-align: justify;\">Firmam\u0131z, gelece\u011fin ekonomi ve ya\u015fam standard\u0131n\u0131 belirleyecek olan su ve enerji kaynaklar\u0131n\u0131n verimli kullan\u0131lmas\u0131 i\u00e7in s\u00fcrekli geli\u015fen teknoloji ve ak\u0131l g\u00fcc\u00fcn\u00fcn k\u0131lavuzlu\u011funda tasarruf ve verim gibi kavramlar\u0131n h\u0131zla \u00f6nem kazanmas\u0131yla, alan\u0131nda \u00f6rnek niteli\u011finde projeler yaparak yar\u0131n\u0131n T\u00fcrkiye&#8217;sinin ekonomik ve siyas\u0131 g\u00fcc\u00fcne katk\u0131da bulunmay\u0131 hedef edinmi\u015f bir ekip taraf\u0131ndan y\u00f6netilmektedir.<\/p>\n<\/div><\/section><\/p><\/div><div class=\"flex_column av_one_half  flex_column_div av-zero-column-padding   avia-builder-el-3  el_after_av_one_half  el_before_av_hr  \" style='border-radius:0px; '><p><div  style='padding-bottom:15px; ' class='av-special-heading av-special-heading-h5    avia-builder-el-4  el_before_av_textblock  avia-builder-el-first  '><h5 class='av-special-heading-tag '  itemprop=\"headline\"  >Misyon Bildirgesi<\/h5><div class='special-heading-border'><div class='special-heading-inner-border' ><\/div><\/div><\/div><br \/>\n<section class=\"av_textblock_section \"  itemscope=\"itemscope\" itemtype=\"https:\/\/schema.org\/CreativeWork\" ><div class='avia_textblock  '   itemprop=\"text\" ><p style=\"text-align: justify;\"><img loading=\"lazy\" decoding=\"async\" class=\"alignnone size-entry_without_sidebar wp-image-5779\" src=\"http:\/\/www.metsangroup.com\/wp-content\/uploads\/2021\/06\/slayt-3-1210x423.jpg\" alt=\"\" width=\"1210\" height=\"423\" \/><\/p>\n<p style=\"text-align: justify;\">Kalite Y\u00f6netim Sisteminin gerektirdi\u011fi ko\u015fullar\u0131 s\u00fcrekli daha iyiye ta\u015f\u0131yan, bu ama\u00e7 do\u011frultusunda;<\/p>\n<ul>\n<li style=\"text-align: justify;\">\u0130leri teknolojik altyap\u0131 kullanan ve s\u00fcrekli g\u00fcncelleyen,<\/li>\n<li style=\"text-align: justify;\">M\u00fc\u015fterilerimiz, tedarik\u00e7ilerimiz ve \u00e7al\u0131\u015fanlar\u0131m\u0131z ile uzun s\u00fcreli i\u015fbirli\u011fi yapan,<\/li>\n<li style=\"text-align: justify;\">\u00c7\u00f6z\u00fcm ama\u00e7l\u0131 hizmet anlay\u0131\u015f\u0131 ve ilkeli yakla\u015f\u0131m sergileyen,<\/li>\n<li style=\"text-align: justify;\">\u0130\u015f s\u00fcre\u00e7lerimizin t\u00fcm\u00fcn\u00fc s\u00fcrekli etkin k\u0131lacak kurumsal yap\u0131y\u0131 olu\u015fturan ve geli\u015ftiren,<\/li>\n<li style=\"text-align: justify;\">\u0130leri d\u00fczey bilgi ve deneyime sahip, konular\u0131nda uzman kadrolar\u0131 ile \u00e7al\u0131\u015fan,<\/li>\n<li style=\"text-align: justify;\">Belirlenen kalite hedeflerini en \u00fcst seviyede ba\u015faran ve daima ileriyi hedefleyen,<\/li>\n<li style=\"text-align: justify;\">\u00c7al\u0131\u015fan ve m\u00fc\u015fteri mutlulu\u011funa y\u00f6nelik faaliyetlerde bulunan,<\/li>\n<li style=\"text-align: justify;\">\u00c7evremize, m\u00fc\u015fterilerimize, personelimize, i\u015f ortaklar\u0131m\u0131za sayg\u0131l\u0131 davranan, \u00e7a\u011fda\u015f, g\u00fcvenilir bir kurulu\u015f ve \u201c<em>kaliteyle \u00f6zde\u015fle\u015fen bir marka olmak<\/em>\u201d, firmam\u0131z\u0131n kalite politikas\u0131n\u0131 olu\u015fturur.<\/li>\n<\/ul>\n<\/div><\/section><\/p><\/div><div  style=' margin-top:30px; margin-bottom:30px;'  class='hr hr-custom hr-center hr-icon-yes   avia-builder-el-6  el_after_av_one_half  avia-builder-el-last '><span class='hr-inner  inner-border-av-border-thin' style=' width:50px; max-width:45%;' ><span class='hr-inner-style'><\/span><\/span><span class='av-seperator-icon'  aria-hidden='true' data-av_icon='\ue808' data-av_iconfont='entypo-fontello'><\/span><span class='hr-inner  inner-border-av-border-thin' style=' width:50px; max-width:45%;' ><span class='hr-inner-style'><\/span><\/span><\/div><\/p>\n","protected":false},"excerpt":{"rendered":"","protected":false},"author":1,"featured_media":0,"parent":0,"menu_order":0,"comment_status":"closed","ping_status":"closed","template":"","meta":{"footnotes":""},"class_list":["post-3460","page","type-page","status-publish","hentry"],"_links":{"self":[{"href":"http:\/\/www.metsangroup.com\/index.php?rest_route=\/wp\/v2\/pages\/3460","targetHints":{"allow":["GET"]}}],"collection":[{"href":"http:\/\/www.metsangroup.com\/index.php?rest_route=\/wp\/v2\/pages"}],"about":[{"href":"http:\/\/www.metsangroup.com\/index.php?rest_route=\/wp\/v2\/types\/page"}],"author":[{"embeddable":true,"href":"http:\/\/www.metsangroup.com\/index.php?rest_route=\/wp\/v2\/users\/1"}],"replies":[{"embeddable":true,"href":"http:\/\/www.metsangroup.com\/index.php?rest_route=%2Fwp%2Fv2%2Fcomments&post=3460"}],"version-history":[{"count":1,"href":"http:\/\/www.metsangroup.com\/index.php?rest_route=\/wp\/v2\/pages\/3460\/revisions"}],"predecessor-version":[{"id":5812,"href":"http:\/\/www.metsangroup.com\/index.php?rest_route=\/wp\/v2\/pages\/3460\/revisions\/5812"}],"wp:attachment":[{"href":"http:\/\/www.metsangroup.com\/index.php?rest_route=%2Fwp%2Fv2%2Fmedia&parent=3460"}],"curies":[{"name":"wp","href":"https:\/\/api.w.org\/{rel}","templated":true}]}}